{"id":6501,"date":"2024-04-25T09:59:01","date_gmt":"2024-04-25T07:59:01","guid":{"rendered":"https:\/\/www.vektus.dk\/thank-you-for-your-participation\/"},"modified":"2024-12-27T09:49:35","modified_gmt":"2024-12-27T08:49:35","slug":"thank-you-for-your-participation","status":"publish","type":"page","link":"https:\/\/www.vektus.dk\/en\/thank-you-for-your-participation\/","title":{"rendered":"Thank you for your participation"},"content":{"rendered":"\n<style type=\"text\/css\" data-created_by=\"avia_inline_auto\" id=\"style-css-av-lveyyl9k-7a96ae7e1cc104aa92ac7f48aadbd2f8\">\n#top .hr.hr-invisible.av-lveyyl9k-7a96ae7e1cc104aa92ac7f48aadbd2f8{\nheight:50px;\n}\n<\/style>\n<div  class='hr av-lveyyl9k-7a96ae7e1cc104aa92ac7f48aadbd2f8 hr-invisible  avia-builder-el-0  el_before_av_heading  avia-builder-el-first '><span class='hr-inner '><span class=\"hr-inner-style\"><\/span><\/span><\/div>\n\n<style type=\"text\/css\" data-created_by=\"avia_inline_auto\" id=\"style-css-av-lveyuqza-8fce370fcecbc1843661ca32cd0c6a2a\">\n#top .av-special-heading.av-lveyuqza-8fce370fcecbc1843661ca32cd0c6a2a{\npadding-bottom:10px;\n}\nbody .av-special-heading.av-lveyuqza-8fce370fcecbc1843661ca32cd0c6a2a .av-special-heading-tag .heading-char{\nfont-size:25px;\n}\n.av-special-heading.av-lveyuqza-8fce370fcecbc1843661ca32cd0c6a2a .av-subheading{\nfont-size:15px;\n}\n<\/style>\n<div  class='av-special-heading av-lveyuqza-8fce370fcecbc1843661ca32cd0c6a2a av-special-heading-h1 blockquote modern-quote modern-centered  avia-builder-el-1  el_after_av_hr  el_before_av_hr '><h1 class='av-special-heading-tag '  itemprop=\"headline\"  >Thanks<\/h1><div class=\"special-heading-border\"><div class=\"special-heading-inner-border\"><\/div><\/div><\/div>\n<div  class='hr av-7qblcx-b2e9ade8ba6e43e7f3566c1ec4282f6a hr-default  avia-builder-el-2  el_after_av_heading  el_before_av_one_fifth '><span class='hr-inner '><span class=\"hr-inner-style\"><\/span><\/span><\/div>\n<div  class='flex_column av-5jd341-9859472ed3b23eb776ccd54bc6c20dbe av_one_fifth  avia-builder-el-3  el_after_av_hr  el_before_av_three_fifth  first flex_column_div  '     ><\/div>\n<div  class='flex_column av-cqjtt-bd83a6e859915816aca046af3ee61761 av_three_fifth  avia-builder-el-4  el_after_av_one_fifth  el_before_av_one_fifth  flex_column_div  '     ><section  class='av_textblock_section av-lveyv8cu-1aad91a9e840d3537fff3cf03c2fb220 '   itemscope=\"itemscope\" itemtype=\"https:\/\/schema.org\/CreativeWork\" ><div class='avia_textblock'  itemprop=\"text\" ><h3 style=\"text-align: center;\">Thank you for taking the time to respond to our customer satisfaction survey. Your feedback is incredibly valuable to us and plays a crucial role in our continuous efforts to improve.<\/h3>\n<h3 style=\"text-align: center;\">We are dedicated to delivering the best possible experience for you, and your honest feedback helps us identify areas where we can do just that.<\/h3>\n<h3 style=\"text-align: center;\">Thanks again for your help.<\/h3>\n<\/div><\/section><\/div>\n<div  class='flex_column av-2ltczl-0a9deedfa2e281d49d865c91857b4f92 av_one_fifth  avia-builder-el-6  el_after_av_three_fifth  avia-builder-el-last  flex_column_div  '     ><\/div>\n","protected":false},"excerpt":{"rendered":"","protected":false},"author":2,"featured_media":0,"parent":0,"menu_order":0,"comment_status":"closed","ping_status":"closed","template":"","meta":{"footnotes":""},"class_list":["post-6501","page","type-page","status-publish","hentry"],"yoast_head":"<!-- This site is optimized with the Yoast SEO plugin v26.6 - https:\/\/yoast.com\/wordpress\/plugins\/seo\/ -->\n<title>Thank you for your participation - Vektus<\/title>\n<meta name=\"description\" content=\"Du kan f\u00e5 mere viden om Thank you for your participation her - t\u00f8v ikke med at tage kontakt hvis du har sp\u00f8rgsm\u00e5l\" \/>\n<meta name=\"robots\" content=\"noindex, follow\" \/>\n<meta property=\"og:locale\" content=\"en_US\" \/>\n<meta property=\"og:type\" content=\"article\" \/>\n<meta property=\"og:title\" content=\"Thank you for your participation - Vektus\" \/>\n<meta property=\"og:description\" content=\"Du kan f\u00e5 mere viden om Thank you for your participation her - t\u00f8v ikke med at tage kontakt hvis du har sp\u00f8rgsm\u00e5l\" \/>\n<meta property=\"og:url\" content=\"https:\/\/www.vektus.dk\/en\/thank-you-for-your-participation\/\" \/>\n<meta property=\"og:site_name\" content=\"Vektus\" \/>\n<meta property=\"article:publisher\" content=\"https:\/\/www.facebook.com\/vektus\" \/>\n<meta property=\"article:modified_time\" content=\"2024-12-27T08:49:35+00:00\" \/>\n<meta name=\"twitter:card\" content=\"summary_large_image\" \/>\n<meta name=\"twitter:label1\" content=\"Est. reading time\" \/>\n\t<meta name=\"twitter:data1\" content=\"1 minute\" \/>\n<script type=\"application\/ld+json\" class=\"yoast-schema-graph\">{\"@context\":\"https:\/\/schema.org\",\"@graph\":[{\"@type\":\"WebPage\",\"@id\":\"https:\/\/www.vektus.dk\/en\/thank-you-for-your-participation\/\",\"url\":\"https:\/\/www.vektus.dk\/en\/thank-you-for-your-participation\/\",\"name\":\"Thank you for your participation - Vektus\",\"isPartOf\":{\"@id\":\"https:\/\/www.vektus.dk\/en\/#website\"},\"datePublished\":\"2024-04-25T07:59:01+00:00\",\"dateModified\":\"2024-12-27T08:49:35+00:00\",\"description\":\"Du kan f\u00e5 mere viden om Thank you for your participation her - t\u00f8v ikke med at tage kontakt hvis du har sp\u00f8rgsm\u00e5l\",\"breadcrumb\":{\"@id\":\"https:\/\/www.vektus.dk\/en\/thank-you-for-your-participation\/#breadcrumb\"},\"inLanguage\":\"en-US\",\"potentialAction\":[{\"@type\":\"ReadAction\",\"target\":[\"https:\/\/www.vektus.dk\/en\/thank-you-for-your-participation\/\"]}]},{\"@type\":\"BreadcrumbList\",\"@id\":\"https:\/\/www.vektus.dk\/en\/thank-you-for-your-participation\/#breadcrumb\",\"itemListElement\":[{\"@type\":\"ListItem\",\"position\":1,\"name\":\"Hjem\",\"item\":\"https:\/\/www.vektus.dk\/en\/business-central-specialists\/\"},{\"@type\":\"ListItem\",\"position\":2,\"name\":\"Thank you for your participation\"}]},{\"@type\":\"WebSite\",\"@id\":\"https:\/\/www.vektus.dk\/en\/#website\",\"url\":\"https:\/\/www.vektus.dk\/en\/\",\"name\":\"Vektus\",\"description\":\"Business Central Cloud leverand\u00f8r\",\"publisher\":{\"@id\":\"https:\/\/www.vektus.dk\/en\/#organization\"},\"potentialAction\":[{\"@type\":\"SearchAction\",\"target\":{\"@type\":\"EntryPoint\",\"urlTemplate\":\"https:\/\/www.vektus.dk\/en\/?s={search_term_string}\"},\"query-input\":{\"@type\":\"PropertyValueSpecification\",\"valueRequired\":true,\"valueName\":\"search_term_string\"}}],\"inLanguage\":\"en-US\"},{\"@type\":\"Organization\",\"@id\":\"https:\/\/www.vektus.dk\/en\/#organization\",\"name\":\"Vektus\",\"url\":\"https:\/\/www.vektus.dk\/en\/\",\"logo\":{\"@type\":\"ImageObject\",\"inLanguage\":\"en-US\",\"@id\":\"https:\/\/www.vektus.dk\/en\/#\/schema\/logo\/image\/\",\"url\":\"https:\/\/www.vektus.dk\/wp-content\/uploads\/2024\/03\/Vektus-logo-Business-Central-specialist.png\",\"contentUrl\":\"https:\/\/www.vektus.dk\/wp-content\/uploads\/2024\/03\/Vektus-logo-Business-Central-specialist.png\",\"width\":340,\"height\":156,\"caption\":\"Vektus\"},\"image\":{\"@id\":\"https:\/\/www.vektus.dk\/en\/#\/schema\/logo\/image\/\"},\"sameAs\":[\"https:\/\/www.facebook.com\/vektus\",\"https:\/\/www.linkedin.com\/company\/vektus\/\"]}]}<\/script>\n<!-- \/ Yoast SEO plugin. -->","yoast_head_json":{"title":"Thank you for your participation - Vektus","description":"Du kan f\u00e5 mere viden om Thank you for your participation her - t\u00f8v ikke med at tage kontakt hvis du har sp\u00f8rgsm\u00e5l","robots":{"index":"noindex","follow":"follow"},"og_locale":"en_US","og_type":"article","og_title":"Thank you for your participation - Vektus","og_description":"Du kan f\u00e5 mere viden om Thank you for your participation her - t\u00f8v ikke med at tage kontakt hvis du har sp\u00f8rgsm\u00e5l","og_url":"https:\/\/www.vektus.dk\/en\/thank-you-for-your-participation\/","og_site_name":"Vektus","article_publisher":"https:\/\/www.facebook.com\/vektus","article_modified_time":"2024-12-27T08:49:35+00:00","twitter_card":"summary_large_image","twitter_misc":{"Est. reading time":"1 minute"},"schema":{"@context":"https:\/\/schema.org","@graph":[{"@type":"WebPage","@id":"https:\/\/www.vektus.dk\/en\/thank-you-for-your-participation\/","url":"https:\/\/www.vektus.dk\/en\/thank-you-for-your-participation\/","name":"Thank you for your participation - Vektus","isPartOf":{"@id":"https:\/\/www.vektus.dk\/en\/#website"},"datePublished":"2024-04-25T07:59:01+00:00","dateModified":"2024-12-27T08:49:35+00:00","description":"Du kan f\u00e5 mere viden om Thank you for your participation her - t\u00f8v ikke med at tage kontakt hvis du har sp\u00f8rgsm\u00e5l","breadcrumb":{"@id":"https:\/\/www.vektus.dk\/en\/thank-you-for-your-participation\/#breadcrumb"},"inLanguage":"en-US","potentialAction":[{"@type":"ReadAction","target":["https:\/\/www.vektus.dk\/en\/thank-you-for-your-participation\/"]}]},{"@type":"BreadcrumbList","@id":"https:\/\/www.vektus.dk\/en\/thank-you-for-your-participation\/#breadcrumb","itemListElement":[{"@type":"ListItem","position":1,"name":"Hjem","item":"https:\/\/www.vektus.dk\/en\/business-central-specialists\/"},{"@type":"ListItem","position":2,"name":"Thank you for your participation"}]},{"@type":"WebSite","@id":"https:\/\/www.vektus.dk\/en\/#website","url":"https:\/\/www.vektus.dk\/en\/","name":"Vektus","description":"Business Central Cloud leverand\u00f8r","publisher":{"@id":"https:\/\/www.vektus.dk\/en\/#organization"},"potentialAction":[{"@type":"SearchAction","target":{"@type":"EntryPoint","urlTemplate":"https:\/\/www.vektus.dk\/en\/?s={search_term_string}"},"query-input":{"@type":"PropertyValueSpecification","valueRequired":true,"valueName":"search_term_string"}}],"inLanguage":"en-US"},{"@type":"Organization","@id":"https:\/\/www.vektus.dk\/en\/#organization","name":"Vektus","url":"https:\/\/www.vektus.dk\/en\/","logo":{"@type":"ImageObject","inLanguage":"en-US","@id":"https:\/\/www.vektus.dk\/en\/#\/schema\/logo\/image\/","url":"https:\/\/www.vektus.dk\/wp-content\/uploads\/2024\/03\/Vektus-logo-Business-Central-specialist.png","contentUrl":"https:\/\/www.vektus.dk\/wp-content\/uploads\/2024\/03\/Vektus-logo-Business-Central-specialist.png","width":340,"height":156,"caption":"Vektus"},"image":{"@id":"https:\/\/www.vektus.dk\/en\/#\/schema\/logo\/image\/"},"sameAs":["https:\/\/www.facebook.com\/vektus","https:\/\/www.linkedin.com\/company\/vektus\/"]}]}},"_links":{"self":[{"href":"https:\/\/www.vektus.dk\/en\/wp-json\/wp\/v2\/pages\/6501","targetHints":{"allow":["GET"]}}],"collection":[{"href":"https:\/\/www.vektus.dk\/en\/wp-json\/wp\/v2\/pages"}],"about":[{"href":"https:\/\/www.vektus.dk\/en\/wp-json\/wp\/v2\/types\/page"}],"author":[{"embeddable":true,"href":"https:\/\/www.vektus.dk\/en\/wp-json\/wp\/v2\/users\/2"}],"replies":[{"embeddable":true,"href":"https:\/\/www.vektus.dk\/en\/wp-json\/wp\/v2\/comments?post=6501"}],"version-history":[{"count":4,"href":"https:\/\/www.vektus.dk\/en\/wp-json\/wp\/v2\/pages\/6501\/revisions"}],"predecessor-version":[{"id":6974,"href":"https:\/\/www.vektus.dk\/en\/wp-json\/wp\/v2\/pages\/6501\/revisions\/6974"}],"wp:attachment":[{"href":"https:\/\/www.vektus.dk\/en\/wp-json\/wp\/v2\/media?parent=6501"}],"curies":[{"name":"wp","href":"https:\/\/api.w.org\/{rel}","templated":true}]}}